{"id":10,"date":"2025-09-23T08:02:46","date_gmt":"2025-09-23T08:02:46","guid":{"rendered":"https:\/\/kfz-puck.at\/?page_id=10"},"modified":"2025-09-23T09:19:35","modified_gmt":"2025-09-23T08:19:35","slug":"landing-page","status":"publish","type":"page","link":"https:\/\/kfz-puck.at\/","title":{"rendered":"Landing Page"},"content":{"rendered":"\n<h1>\n\t\t\tWIR SIND WIE GEWOHNT F\u00dcR SIE DA!<br \/>\t<\/h1>\n\tLediglich unsere Website wird gerade \u00fcberarbeitet&#8230;<br \/>\n<strong>So erreichen Sie uns:<\/strong>\n<strong>KFZ Puck<\/strong><br \/>\nRosenhofweg 5<br \/>\nA-7543 Neusiedl bei G\u00fcssing<br \/>\nAustria\nTel: 0332832398<br \/>\nMail: office@kfz-puck.at\n\u00d6ffnungszeiten:<br \/>\nMo-Fr: 08:00 bis 17:00 Uhr\n\t\t\t<a href=\"https:\/\/maps.app.goo.gl\/M8e7sWhLPvsU3tL2A\" target=\"_blank\" rel=\"noopener\">\n\t\t\t\t\t\t\tAnfahrt\/Navigation via Google Maps\n\t\t\t<\/a>\n\tDie markenunabh\u00e4ngige Werkst\u00e4tte KFZ Puck deckt viele Leistungen ab:<br \/>\nKfz-Elektronik, Klimaservice\/Klimaanlagenreparatur, Bosch-Fahrzeugdiagnose, Motor-, Getriebe- und Karosserieschaden Reparaturen, Versicherungsabwicklungen von Sch\u00e4den, Reifendienst, offizielle Kfz-\u00dcberpr\u00fcfungsstelle \u00a7 57a, Inspektion &amp; Service nach Herstellerangeben &amp; kostenloser Mobilit\u00e4tsgarantie.\n<p>Unser Firmenmotto lautet: \u201eGute Qualit\u00e4t muss nicht zwangsweise teuer sein&#8220;.<\/p>\n\n","protected":false},"excerpt":{"rendered":"<p>WIR SIND WIE GEWOHNT F\u00dcR SIE DA! Lediglich unsere Website wird gerade \u00fcberarbeitet&#8230; So erreichen Sie uns: KFZ Puck Rosenhofweg 5 A-7543 Neusiedl bei G\u00fcssing Austria Tel: 0332832398 Mail: office@kfz-puck.at \u00d6ffnungszeiten: Mo-Fr: 08:00 bis 17:00 Uhr Anfahrt\/Navigation via Google Maps Die markenunabh\u00e4ngige Werkst\u00e4tte KFZ Puck deckt viele Leistungen ab: Kfz-Elektronik, Klimaservice\/Klimaanlagenreparatur, Bosch-Fahrzeugdiagnose, Motor-, Getriebe- und &#8230; <a title=\"Landing Page\" class=\"read-more\" href=\"https:\/\/kfz-puck.at\/\" aria-label=\"Read more about Landing Page\">Read more<\/a><\/p>\n","protected":false},"author":1,"featured_media":0,"parent":0,"menu_order":0,"comment_status":"closed","ping_status":"closed","template":"","meta":{"footnotes":""},"class_list":["post-10","page","type-page","status-publish"],"_links":{"self":[{"href":"https:\/\/kfz-puck.at\/index.php?rest_route=\/wp\/v2\/pages\/10","targetHints":{"allow":["GET"]}}],"collection":[{"href":"https:\/\/kfz-puck.at\/index.php?rest_route=\/wp\/v2\/pages"}],"about":[{"href":"https:\/\/kfz-puck.at\/index.php?rest_route=\/wp\/v2\/types\/page"}],"author":[{"embeddable":true,"href":"https:\/\/kfz-puck.at\/index.php?rest_route=\/wp\/v2\/users\/1"}],"replies":[{"embeddable":true,"href":"https:\/\/kfz-puck.at\/index.php?rest_route=%2Fwp%2Fv2%2Fcomments&post=10"}],"version-history":[{"count":5,"href":"https:\/\/kfz-puck.at\/index.php?rest_route=\/wp\/v2\/pages\/10\/revisions"}],"predecessor-version":[{"id":19,"href":"https:\/\/kfz-puck.at\/index.php?rest_route=\/wp\/v2\/pages\/10\/revisions\/19"}],"wp:attachment":[{"href":"https:\/\/kfz-puck.at\/index.php?rest_route=%2Fwp%2Fv2%2Fmedia&parent=10"}],"curies":[{"name":"wp","href":"https:\/\/api.w.org\/{rel}","templated":true}]}}